{"id":447,"date":"2025-12-02T16:34:43","date_gmt":"2025-12-02T21:34:43","guid":{"rendered":"https:\/\/boefish.ca\/?page_id=447"},"modified":"2026-03-12T16:37:24","modified_gmt":"2026-03-12T20:37:24","slug":"faq","status":"publish","type":"page","link":"https:\/\/boefish.ca\/en\/faq\/","title":{"rendered":"FAQ"},"content":{"rendered":"","protected":false},"excerpt":{"rendered":"","protected":false},"author":6,"featured_media":0,"parent":0,"menu_order":0,"comment_status":"closed","ping_status":"closed","template":"","meta":{"footnotes":""},"class_list":["post-447","page","type-page","status-publish","hentry"],"acf":[],"yoast_head":"<!-- This site is optimized with the Yoast SEO plugin v20.8 - https:\/\/yoast.com\/wordpress\/plugins\/seo\/ -->\n<title>FAQ - Boefish<\/title>\n<meta name=\"description\" content=\"FAQ Boefish - R\u00e9ponses sur votre menu, horaires, r\u00e9servations, stationnement et \u00e9v\u00e9nements priv\u00e9s. Pr\u00e9parez votre visite au restaurant!\" \/>\n<meta name=\"robots\" content=\"index, follow, max-snippet:-1, max-image-preview:large, max-video-preview:-1\" \/>\n<link rel=\"canonical\" href=\"https:\/\/boefish.ca\/en\/faq\/\" \/>\n<meta property=\"og:locale\" content=\"en_US\" \/>\n<meta property=\"og:type\" content=\"article\" \/>\n<meta property=\"og:title\" content=\"FAQ - Boefish\" \/>\n<meta property=\"og:description\" content=\"FAQ Boefish - R\u00e9ponses sur votre menu, horaires, r\u00e9servations, stationnement et \u00e9v\u00e9nements priv\u00e9s. Pr\u00e9parez votre visite au restaurant!\" \/>\n<meta property=\"og:url\" content=\"https:\/\/boefish.ca\/en\/faq\/\" \/>\n<meta property=\"og:site_name\" content=\"Boefish\" \/>\n<meta property=\"article:modified_time\" content=\"2026-03-12T20:37:24+00:00\" \/>\n<meta name=\"twitter:card\" content=\"summary_large_image\" \/>\n<meta name=\"twitter:image\" content=\"https:\/\/boefish.ca\/wp-content\/uploads\/2025\/06\/Banniere-article-de-blog-16.png\" \/>\n<script type=\"application\/ld+json\" class=\"yoast-schema-graph\">{\"@context\":\"https:\/\/schema.org\",\"@graph\":[{\"@type\":[\"WebPage\",\"FAQPage\"],\"@id\":\"https:\/\/boefish.ca\/en\/faq\/\",\"url\":\"https:\/\/boefish.ca\/en\/faq\/\",\"name\":\"FAQ - Boefish\",\"isPartOf\":{\"@id\":\"https:\/\/boefish.ca\/#website\"},\"datePublished\":\"2025-12-02T21:34:43+00:00\",\"dateModified\":\"2026-03-12T20:37:24+00:00\",\"description\":\"FAQ Boefish - R\u00e9ponses sur votre menu, horaires, r\u00e9servations, stationnement et \u00e9v\u00e9nements priv\u00e9s. Pr\u00e9parez votre visite au restaurant!\",\"breadcrumb\":{\"@id\":\"https:\/\/boefish.ca\/en\/faq\/#breadcrumb\"},\"inLanguage\":\"en-US\",\"potentialAction\":[{\"@type\":\"ReadAction\",\"target\":[\"https:\/\/boefish.ca\/en\/faq\/\"]}]},{\"@type\":\"BreadcrumbList\",\"@id\":\"https:\/\/boefish.ca\/en\/faq\/#breadcrumb\",\"itemListElement\":[{\"@type\":\"ListItem\",\"position\":1,\"name\":\"Home\",\"item\":\"https:\/\/boefish.ca\/en\/\"},{\"@type\":\"ListItem\",\"position\":2,\"name\":\"FAQ\"}]},{\"@type\":\"WebSite\",\"@id\":\"https:\/\/boefish.ca\/#website\",\"url\":\"https:\/\/boefish.ca\/\",\"name\":\"Boefish\",\"description\":\"Boefish Steak, Poisson, Bar\",\"potentialAction\":[{\"@type\":\"SearchAction\",\"target\":{\"@type\":\"EntryPoint\",\"urlTemplate\":\"https:\/\/boefish.ca\/?s={search_term_string}\"},\"query-input\":\"required name=search_term_string\"}],\"inLanguage\":\"en-US\"}]}<\/script>\n<!-- \/ Yoast SEO plugin. -->","yoast_head_json":{"title":"FAQ - Boefish","description":"FAQ Boefish - R\u00e9ponses sur votre menu, horaires, r\u00e9servations, stationnement et \u00e9v\u00e9nements priv\u00e9s. Pr\u00e9parez votre visite au restaurant!","robots":{"index":"index","follow":"follow","max-snippet":"max-snippet:-1","max-image-preview":"max-image-preview:large","max-video-preview":"max-video-preview:-1"},"canonical":"https:\/\/boefish.ca\/en\/faq\/","og_locale":"en_US","og_type":"article","og_title":"FAQ - Boefish","og_description":"FAQ Boefish - R\u00e9ponses sur votre menu, horaires, r\u00e9servations, stationnement et \u00e9v\u00e9nements priv\u00e9s. Pr\u00e9parez votre visite au restaurant!","og_url":"https:\/\/boefish.ca\/en\/faq\/","og_site_name":"Boefish","article_modified_time":"2026-03-12T20:37:24+00:00","twitter_card":"summary_large_image","twitter_image":"https:\/\/boefish.ca\/wp-content\/uploads\/2025\/06\/Banniere-article-de-blog-16.png","schema":{"@context":"https:\/\/schema.org","@graph":[{"@type":["WebPage","FAQPage"],"@id":"https:\/\/boefish.ca\/en\/faq\/","url":"https:\/\/boefish.ca\/en\/faq\/","name":"FAQ - Boefish","isPartOf":{"@id":"https:\/\/boefish.ca\/#website"},"datePublished":"2025-12-02T21:34:43+00:00","dateModified":"2026-03-12T20:37:24+00:00","description":"FAQ Boefish - R\u00e9ponses sur votre menu, horaires, r\u00e9servations, stationnement et \u00e9v\u00e9nements priv\u00e9s. Pr\u00e9parez votre visite au restaurant!","breadcrumb":{"@id":"https:\/\/boefish.ca\/en\/faq\/#breadcrumb"},"inLanguage":"en-US","potentialAction":[{"@type":"ReadAction","target":["https:\/\/boefish.ca\/en\/faq\/"]}]},{"@type":"BreadcrumbList","@id":"https:\/\/boefish.ca\/en\/faq\/#breadcrumb","itemListElement":[{"@type":"ListItem","position":1,"name":"Home","item":"https:\/\/boefish.ca\/en\/"},{"@type":"ListItem","position":2,"name":"FAQ"}]},{"@type":"WebSite","@id":"https:\/\/boefish.ca\/#website","url":"https:\/\/boefish.ca\/","name":"Boefish","description":"Boefish Steak, Poisson, Bar","potentialAction":[{"@type":"SearchAction","target":{"@type":"EntryPoint","urlTemplate":"https:\/\/boefish.ca\/?s={search_term_string}"},"query-input":"required name=search_term_string"}],"inLanguage":"en-US"}]}},"_links":{"self":[{"href":"https:\/\/boefish.ca\/en\/wp-json\/wp\/v2\/pages\/447"}],"collection":[{"href":"https:\/\/boefish.ca\/en\/wp-json\/wp\/v2\/pages"}],"about":[{"href":"https:\/\/boefish.ca\/en\/wp-json\/wp\/v2\/types\/page"}],"author":[{"embeddable":true,"href":"https:\/\/boefish.ca\/en\/wp-json\/wp\/v2\/users\/6"}],"replies":[{"embeddable":true,"href":"https:\/\/boefish.ca\/en\/wp-json\/wp\/v2\/comments?post=447"}],"version-history":[{"count":8,"href":"https:\/\/boefish.ca\/en\/wp-json\/wp\/v2\/pages\/447\/revisions"}],"predecessor-version":[{"id":6552,"href":"https:\/\/boefish.ca\/en\/wp-json\/wp\/v2\/pages\/447\/revisions\/6552"}],"wp:attachment":[{"href":"https:\/\/boefish.ca\/en\/wp-json\/wp\/v2\/media?parent=447"}],"curies":[{"name":"wp","href":"https:\/\/api.w.org\/{rel}","templated":true}]}}